{"id":8,"date":"2015-12-02T09:48:07","date_gmt":"2015-12-02T08:48:07","guid":{"rendered":"http:\/\/cyesm.com\/?page_id=8"},"modified":"2022-05-25T10:00:44","modified_gmt":"2022-05-25T09:00:44","slug":"acceuil","status":"publish","type":"page","link":"https:\/\/cyesm.com\/","title":{"rendered":"Accueil"},"content":{"rendered":"<div id=\"pl-8\"  class=\"panel-layout\" ><div id=\"pg-8-0\"  class=\"panel-grid panel-has-style\" ><div class=\"siteorigin-panels-stretch panel-row-style panel-row-style-for-8-0\" data-stretch-type=\"full-stretched\" ><div id=\"pgc-8-0-0\"  class=\"panel-grid-cell\" ><div id=\"panel-8-0-0-0\" class=\"so-panel widget widget_black-studio-tinymce widget_black_studio_tinymce panel-first-child panel-last-child\" data-index=\"0\" ><div class=\"panel-widget-style panel-widget-style-for-8-0-0-0\" ><div class=\"textwidget\"><p><span class=\"\" style=\"display:block;clear:both;height: 0px;padding-top: 550px;border-top-width:0px;border-bottom-width:0px;\"><\/span><\/p>\n<\/div><\/div><\/div><\/div><div id=\"pgc-8-0-1\"  class=\"panel-grid-cell panel-grid-cell-empty\" ><\/div><div id=\"pgc-8-0-2\"  class=\"panel-grid-cell\" ><div id=\"panel-8-0-2-0\" class=\"so-panel widget widget_black-studio-tinymce widget_black_studio_tinymce panel-first-child panel-last-child\" data-index=\"1\" ><div class=\"panel-widget-style panel-widget-style-for-8-0-2-0\" ><div class=\"textwidget\"><p style=\"text-align: left;\"><span class=\"\" style=\"display:block;clear:both;height: 0px;padding-top: 15px;border-top-width:0px;border-bottom-width:0px;\"><\/span><\/p>\n<p style=\"text-align: left;\">Cyesm est un compositeur et producteur de musique. Il commence la programmation en 1998 devant un ordinateur, lorsque le home studio se d\u00e9mocratise. Tr\u00e8s vite \u00e0 l'aise avec cette forme d'expression, il \u00e9toffe son savoir-faire aupr\u00e8s d'instrumentistes de tous genres, officiant au sein de diff\u00e9rents groupes qui l\u2019emm\u00e8nent du funk \u00e0 l\u2019exp\u00e9rimental, en passant par la folk ou le dub.<\/p>\n<p style=\"text-align: left;\">Mais c'est en studio que Cyesm semble trouver sa libert\u00e9. Ce compositeur prolifique encha\u00eene les sorties d'albums, visitant le trip-hop et l'\u00e9lectro, s'offrant quelques \u00e9chapp\u00e9es hip-hop ou conceptuelles, sans trop se soucier des genres. Il aime s'entourer d'artistes de divers horizons, qu'il accompagne volontiers en studio et sur sc\u00e8ne.<\/p>\n<p style=\"text-align: left;\">Son travail m\u00eale sonorit\u00e9s \u00e9lectroniques et acoustiques, dans le but de cr\u00e9er des atmosph\u00e8res riches en image, aussi bien narratives que contemplatives. Chacun de ses albums propose un voyage singulier et sensible, o\u00f9 l'oreille de l'auditeur est invit\u00e9e \u00e0 se faire surprendre. On y retrouve souvent des rythmes agressifs, qui s'entourent aussi bien d'un orchestre que d'une panoplie de synth\u00e9tiseurs ou de voix. Ses productions sont soign\u00e9es et transpirent la \u00ab patte \u00bb du compositeur. Il en r\u00e9sulte une musique hybride, o\u00f9 le sensible et l'\u00e9nergie semblent s'affranchir de toutes r\u00e8gles.<\/p>\n<p style=\"text-align: left;\">Cyesm est \u00e9galement l'un des membres fondateurs du Good Citizen Factory, label qui revendique son ind\u00e9pendance politique et financi\u00e8re. Il dirige le studio Head-sign, sp\u00e9cialis\u00e9 dans la musique \u00e0 l'image et le sound design. Il est aussi passionn\u00e9 par la photographie et la vid\u00e9o...<\/p>\n<p><span class=\"\" style=\"display:block;clear:both;height: 0px;padding-top: 300px;border-top-width:0px;border-bottom-width:0px;\"><\/span><\/p>\n<\/div><\/div><\/div><\/div><\/div><\/div><\/div>","protected":false},"excerpt":{"rendered":"<p>Cyesm est un compositeur et producteur de musique. Il commence la programmation en 1998 devant un ordinateur, lorsque le home studio se d\u00e9mocratise. Tr\u00e8s vite \u00e0 l&#8217;aise avec cette forme d&#8217;expression, il \u00e9toffe son savoir-faire aupr\u00e8s d&#8217;instrumentistes de tous genres, officiant au sein de diff\u00e9rents groupes qui l\u2019emm\u00e8nent du funk \u00e0 l\u2019exp\u00e9rimental, en passant par <a class=\"moretag\" href=\"https:\/\/cyesm.com\/\">Read More &#8230;<\/a><\/p>\n","protected":false},"author":1,"featured_media":0,"parent":0,"menu_order":0,"comment_status":"closed","ping_status":"closed","template":"","meta":{"footnotes":""},"class_list":["post-8","page","type-page","status-publish","hentry"],"_links":{"self":[{"href":"https:\/\/cyesm.com\/index.php\/wp-json\/wp\/v2\/pages\/8","targetHints":{"allow":["GET"]}}],"collection":[{"href":"https:\/\/cyesm.com\/index.php\/wp-json\/wp\/v2\/pages"}],"about":[{"href":"https:\/\/cyesm.com\/index.php\/wp-json\/wp\/v2\/types\/page"}],"author":[{"embeddable":true,"href":"https:\/\/cyesm.com\/index.php\/wp-json\/wp\/v2\/users\/1"}],"replies":[{"embeddable":true,"href":"https:\/\/cyesm.com\/index.php\/wp-json\/wp\/v2\/comments?post=8"}],"version-history":[{"count":47,"href":"https:\/\/cyesm.com\/index.php\/wp-json\/wp\/v2\/pages\/8\/revisions"}],"predecessor-version":[{"id":231,"href":"https:\/\/cyesm.com\/index.php\/wp-json\/wp\/v2\/pages\/8\/revisions\/231"}],"wp:attachment":[{"href":"https:\/\/cyesm.com\/index.php\/wp-json\/wp\/v2\/media?parent=8"}],"curies":[{"name":"wp","href":"https:\/\/api.w.org\/{rel}","templated":true}]}}